{"id":105,"date":"2025-09-20T16:55:11","date_gmt":"2025-09-20T16:55:11","guid":{"rendered":"http:\/\/peru-lacrosse-association.local\/contact-us\/"},"modified":"2025-10-13T05:22:59","modified_gmt":"2025-10-13T05:22:59","slug":"contact-us","status":"publish","type":"page","link":"https:\/\/perulacrosse.org\/es\/contact-us\/","title":{"rendered":"CONT\u00c1CTANOS"},"content":{"rendered":"<div data-elementor-type=\"wp-page\" data-elementor-id=\"105\" class=\"elementor elementor-105\" data-elementor-post-type=\"page\">\n\t\t\t\t<div class=\"elementor-element elementor-element-2c8e7bd3 e-con-full e-flex e-con e-parent\" data-id=\"2c8e7bd3\" data-element_type=\"container\" data-e-type=\"container\" data-settings=\"{&quot;background_background&quot;:&quot;classic&quot;,&quot;background_motion_fx_motion_fx_mouse&quot;:&quot;yes&quot;,&quot;background_motion_fx_mouseTrack_effect&quot;:&quot;yes&quot;,&quot;background_motion_fx_mouseTrack_speed&quot;:{&quot;unit&quot;:&quot;px&quot;,&quot;size&quot;:&quot;0.3&quot;,&quot;sizes&quot;:[]}}\">\n\t\t<div class=\"elementor-element elementor-element-caaf92e e-con-full e-flex e-con e-child\" data-id=\"caaf92e\" data-element_type=\"container\" data-e-type=\"container\">\n\t\t\t\t<div class=\"elementor-element elementor-element-7f691491 elementor-widget elementor-widget-heading\" data-id=\"7f691491\" data-element_type=\"widget\" data-e-type=\"widget\" data-widget_type=\"heading.default\">\n\t\t\t\t\t<h1 class=\"elementor-heading-title elementor-size-default\">CONT\u00c1CTANOS<\/h1>\t\t\t\t<\/div>\n\t\t\t\t<div class=\"elementor-element elementor-element-4253285a elementor-widget elementor-widget-text-editor\" data-id=\"4253285a\" data-element_type=\"widget\" data-e-type=\"widget\" data-widget_type=\"text-editor.default\">\n\t\t\t\t\t\t\t\t\t<p data-start=\"228\" data-end=\"463\"><strong data-start=\"228\" data-end=\"267\">\u00bfTienes preguntas sobre Per\u00fa Lacrosse?<\/strong><br data-start=\"267\" data-end=\"270\" \/>Ya seas jugador interesado en unirte, padre de familia que busca oportunidades o simplemente alguien que desea conocer m\u00e1s sobre nuestros programas y selecciones nacionales, nos encantar\u00eda saber de ti.<\/p><p>\u00a0<\/p><p data-start=\"465\" data-end=\"681\">Por favor, completa el formulario a continuaci\u00f3n y nuestro equipo se pondr\u00e1 en contacto contigo pronto. Estamos encantados de brindarte informaci\u00f3n, responder tus preguntas o ponerte en contacto con el programa adecuado.<\/p>\t\t\t\t\t\t\t\t<\/div>\n\t\t\t\t<div class=\"elementor-element elementor-element-580dcec2 elementor-button-align-end elementor-mobile-button-align-stretch elementor-widget elementor-widget-form\" data-id=\"580dcec2\" data-element_type=\"widget\" data-e-type=\"widget\" data-settings=\"{&quot;step_next_label&quot;:&quot;Next&quot;,&quot;step_previous_label&quot;:&quot;Previous&quot;,&quot;button_width&quot;:&quot;100&quot;,&quot;step_type&quot;:&quot;number_text&quot;,&quot;step_icon_shape&quot;:&quot;circle&quot;}\" data-widget_type=\"form.default\">\n\t\t\t\t\t\t\t<form class=\"elementor-form\" method=\"post\" name=\"Contact Form\" aria-label=\"Contact Form\" action=\"\">\n\t\t\t<input type=\"hidden\" name=\"post_id\" value=\"105\"\/>\n\t\t\t<input type=\"hidden\" name=\"form_id\" value=\"580dcec2\"\/>\n\t\t\t<input type=\"hidden\" name=\"referer_title\" value=\"Contact Us - Peru Lacrosse Association\" \/>\n\n\t\t\t\t\t\t\t<input type=\"hidden\" name=\"queried_id\" value=\"105\"\/>\n\t\t\t\n\t\t\t<div class=\"elementor-form-fields-wrapper elementor-labels-\">\n\t\t\t\t\t\t\t\t<div class=\"elementor-field-type-text elementor-field-group elementor-column elementor-field-group-name elementor-col-50 elementor-field-required\">\n\t\t\t\t\t\t\t\t\t\t\t\t<label for=\"form-field-name\" class=\"elementor-field-label elementor-screen-only\">\n\t\t\t\t\t\t\t\tNombre\t\t\t\t\t\t\t<\/label>\n\t\t\t\t\t\t\t\t\t\t\t\t\t\t<input size=\"1\" type=\"text\" name=\"form_fields[name]\" id=\"form-field-name\" class=\"elementor-field elementor-size-lg  elementor-field-textual\" placeholder=\"Nombre\" required=\"required\">\n\t\t\t\t\t\t\t\t\t\t\t<\/div>\n\t\t\t\t\t\t\t\t<div class=\"elementor-field-type-text elementor-field-group elementor-column elementor-field-group-email elementor-col-50 elementor-field-required\">\n\t\t\t\t\t\t\t\t\t\t\t\t<label for=\"form-field-email\" class=\"elementor-field-label elementor-screen-only\">\n\t\t\t\t\t\t\t\tApellido\t\t\t\t\t\t\t<\/label>\n\t\t\t\t\t\t\t\t\t\t\t\t\t\t<input size=\"1\" type=\"text\" name=\"form_fields[email]\" id=\"form-field-email\" class=\"elementor-field elementor-size-lg  elementor-field-textual\" placeholder=\"Apellido\" required=\"required\">\n\t\t\t\t\t\t\t\t\t\t\t<\/div>\n\t\t\t\t\t\t\t\t<div class=\"elementor-field-type-email elementor-field-group elementor-column elementor-field-group-field_9f7bd5e elementor-col-100 elementor-field-required\">\n\t\t\t\t\t\t\t\t\t\t\t\t<label for=\"form-field-field_9f7bd5e\" class=\"elementor-field-label elementor-screen-only\">\n\t\t\t\t\t\t\t\tEmail\t\t\t\t\t\t\t<\/label>\n\t\t\t\t\t\t\t\t\t\t\t\t\t\t<input size=\"1\" type=\"email\" name=\"form_fields[field_9f7bd5e]\" id=\"form-field-field_9f7bd5e\" class=\"elementor-field elementor-size-lg  elementor-field-textual\" placeholder=\"Correo electr\u00f3nico\" required=\"required\">\n\t\t\t\t\t\t\t\t\t\t\t<\/div>\n\t\t\t\t\t\t\t\t<div class=\"elementor-field-type-textarea elementor-field-group elementor-column elementor-field-group-message elementor-col-100 elementor-field-required\">\n\t\t\t\t\t\t\t\t\t\t\t\t<label for=\"form-field-message\" class=\"elementor-field-label elementor-screen-only\">\n\t\t\t\t\t\t\t\tMessage\t\t\t\t\t\t\t<\/label>\n\t\t\t\t\t\t<textarea class=\"elementor-field-textual elementor-field  elementor-size-lg\" name=\"form_fields[message]\" id=\"form-field-message\" rows=\"4\" placeholder=\"Tu mensaje\" required=\"required\"><\/textarea>\t\t\t\t<\/div>\n\t\t\t\t\t\t\t\t<div class=\"elementor-field-group elementor-column elementor-field-type-submit elementor-col-100 e-form__buttons\">\n\t\t\t\t\t<button class=\"elementor-button elementor-size-lg\" type=\"submit\">\n\t\t\t\t\t\t<span class=\"elementor-button-content-wrapper\">\n\t\t\t\t\t\t\t\t\t\t\t\t\t\t\t\t\t\t\t\t\t\t<span class=\"elementor-button-text\">ENVIAR MENSAJE<\/span>\n\t\t\t\t\t\t\t\t\t\t\t\t\t<\/span>\n\t\t\t\t\t<\/button>\n\t\t\t\t<\/div>\n\t\t\t<\/div>\n\t\t<input type=\"hidden\" name=\"trp-form-language\" value=\"es\"\/><\/form>\n\t\t\t\t\t\t<\/div>\n\t\t\t\t<\/div>\n\t\t<div class=\"elementor-element elementor-element-21740db7 e-con-full elementor-hidden-tablet elementor-hidden-mobile e-flex e-con e-child\" data-id=\"21740db7\" data-element_type=\"container\" data-e-type=\"container\">\n\t\t\t\t<div class=\"elementor-element elementor-element-6d3a5ec elementor-hidden-tablet elementor-hidden-mobile elementor-widget elementor-widget-image\" data-id=\"6d3a5ec\" data-element_type=\"widget\" data-e-type=\"widget\" data-settings=\"{&quot;motion_fx_motion_fx_mouse&quot;:&quot;yes&quot;,&quot;motion_fx_mouseTrack_effect&quot;:&quot;yes&quot;,&quot;motion_fx_mouseTrack_speed&quot;:{&quot;unit&quot;:&quot;px&quot;,&quot;size&quot;:0.2,&quot;sizes&quot;:[]}}\" data-widget_type=\"image.default\">\n\t\t\t\t\t\t\t\t\t\t\t\t\t\t\t<img fetchpriority=\"high\" decoding=\"async\" width=\"789\" height=\"1024\" src=\"https:\/\/perulacrosse.org\/wp-content\/uploads\/2025\/09\/Adobe-Express-file-789x1024.webp\" class=\"attachment-large size-large wp-image-446\" alt=\"\" srcset=\"https:\/\/perulacrosse.org\/wp-content\/uploads\/2025\/09\/Adobe-Express-file-789x1024.webp 789w, https:\/\/perulacrosse.org\/wp-content\/uploads\/2025\/09\/Adobe-Express-file-231x300.webp 231w, https:\/\/perulacrosse.org\/wp-content\/uploads\/2025\/09\/Adobe-Express-file-768x996.webp 768w, https:\/\/perulacrosse.org\/wp-content\/uploads\/2025\/09\/Adobe-Express-file.webp 972w\" sizes=\"(max-width: 789px) 100vw, 789px\" \/>\t\t\t\t\t\t\t\t\t\t\t\t\t\t\t<\/div>\n\t\t\t\t<\/div>\n\t\t\t\t<\/div>\n\t\t\t\t<\/div>","protected":false},"excerpt":{"rendered":"<p>contact us Have questions about Peru Lacrosse?Whether you\u2019re a player interested in joining, a parent looking for opportunities, or someone who simply wants to learn more about our programs and national teams, we\u2019d love to hear from you. \u00a0 Please fill out the form below and our team will get back to you. We\u2019re happy [&hellip;]<\/p>","protected":false},"author":1,"featured_media":0,"parent":0,"menu_order":0,"comment_status":"closed","ping_status":"closed","template":"elementor_header_footer","meta":{"footnotes":""},"class_list":["post-105","page","type-page","status-publish","hentry"],"yoast_head":"<!-- This site is optimized with the Yoast SEO plugin v26.9 - https:\/\/yoast.com\/product\/yoast-seo-wordpress\/ -->\n<title>Contact Us - Peru Lacrosse Association<\/title>\n<meta name=\"robots\" content=\"index, follow, max-snippet:-1, max-image-preview:large, max-video-preview:-1\" \/>\n<link rel=\"canonical\" href=\"https:\/\/perulacrosse.org\/es\/contact-us\/\" \/>\n<meta property=\"og:locale\" content=\"es_ES\" \/>\n<meta property=\"og:type\" content=\"article\" \/>\n<meta property=\"og:title\" content=\"Contact Us - Peru Lacrosse Association\" \/>\n<meta property=\"og:description\" content=\"contact us Have questions about Peru Lacrosse?Whether you\u2019re a player interested in joining, a parent looking for opportunities, or someone who simply wants to learn more about our programs and national teams, we\u2019d love to hear from you. \u00a0 Please fill out the form below and our team will get back to you. We\u2019re happy [&hellip;]\" \/>\n<meta property=\"og:url\" content=\"https:\/\/perulacrosse.org\/es\/contact-us\/\" \/>\n<meta property=\"og:site_name\" content=\"Peru Lacrosse Association\" \/>\n<meta property=\"article:publisher\" content=\"https:\/\/www.facebook.com\/perulacrosseofficial\" \/>\n<meta property=\"article:modified_time\" content=\"2025-10-13T05:22:59+00:00\" \/>\n<meta property=\"og:image\" content=\"https:\/\/perulacrosse.org\/wp-content\/uploads\/2025\/09\/Adobe-Express-file-789x1024.webp\" \/>\n<meta name=\"twitter:card\" content=\"summary_large_image\" \/>\n<script type=\"application\/ld+json\" class=\"yoast-schema-graph\">{\"@context\":\"https:\/\/schema.org\",\"@graph\":[{\"@type\":\"WebPage\",\"@id\":\"https:\/\/perulacrosse.org\/contact-us\/\",\"url\":\"https:\/\/perulacrosse.org\/contact-us\/\",\"name\":\"Contact Us - Peru Lacrosse Association\",\"isPartOf\":{\"@id\":\"https:\/\/perulacrosse.org\/#website\"},\"primaryImageOfPage\":{\"@id\":\"https:\/\/perulacrosse.org\/contact-us\/#primaryimage\"},\"image\":{\"@id\":\"https:\/\/perulacrosse.org\/contact-us\/#primaryimage\"},\"thumbnailUrl\":\"https:\/\/perulacrosse.org\/wp-content\/uploads\/2025\/09\/Adobe-Express-file-789x1024.webp\",\"datePublished\":\"2025-09-20T16:55:11+00:00\",\"dateModified\":\"2025-10-13T05:22:59+00:00\",\"breadcrumb\":{\"@id\":\"https:\/\/perulacrosse.org\/contact-us\/#breadcrumb\"},\"inLanguage\":\"es-PE\",\"potentialAction\":[{\"@type\":\"ReadAction\",\"target\":[\"https:\/\/perulacrosse.org\/contact-us\/\"]}]},{\"@type\":\"ImageObject\",\"inLanguage\":\"es-PE\",\"@id\":\"https:\/\/perulacrosse.org\/contact-us\/#primaryimage\",\"url\":\"https:\/\/perulacrosse.org\/wp-content\/uploads\/2025\/09\/Adobe-Express-file-789x1024.webp\",\"contentUrl\":\"https:\/\/perulacrosse.org\/wp-content\/uploads\/2025\/09\/Adobe-Express-file-789x1024.webp\"},{\"@type\":\"BreadcrumbList\",\"@id\":\"https:\/\/perulacrosse.org\/contact-us\/#breadcrumb\",\"itemListElement\":[{\"@type\":\"ListItem\",\"position\":1,\"name\":\"Home\",\"item\":\"https:\/\/perulacrosse.org\/\"},{\"@type\":\"ListItem\",\"position\":2,\"name\":\"Contact Us\"}]},{\"@type\":\"WebSite\",\"@id\":\"https:\/\/perulacrosse.org\/#website\",\"url\":\"https:\/\/perulacrosse.org\/\",\"name\":\"Peru Lacrosse Association\",\"description\":\"\",\"publisher\":{\"@id\":\"https:\/\/perulacrosse.org\/#organization\"},\"potentialAction\":[{\"@type\":\"SearchAction\",\"target\":{\"@type\":\"EntryPoint\",\"urlTemplate\":\"https:\/\/perulacrosse.org\/?s={search_term_string}\"},\"query-input\":{\"@type\":\"PropertyValueSpecification\",\"valueRequired\":true,\"valueName\":\"search_term_string\"}}],\"inLanguage\":\"es-PE\"},{\"@type\":\"Organization\",\"@id\":\"https:\/\/perulacrosse.org\/#organization\",\"name\":\"Peru Lacrosse Association\",\"url\":\"https:\/\/perulacrosse.org\/\",\"logo\":{\"@type\":\"ImageObject\",\"inLanguage\":\"es-PE\",\"@id\":\"https:\/\/perulacrosse.org\/#\/schema\/logo\/image\/\",\"url\":\"https:\/\/perulacrosse.org\/wp-content\/uploads\/2025\/09\/PeruLAX-Logo-OFFICIAL.svg\",\"contentUrl\":\"https:\/\/perulacrosse.org\/wp-content\/uploads\/2025\/09\/PeruLAX-Logo-OFFICIAL.svg\",\"width\":699,\"height\":699,\"caption\":\"Peru Lacrosse Association\"},\"image\":{\"@id\":\"https:\/\/perulacrosse.org\/#\/schema\/logo\/image\/\"},\"sameAs\":[\"https:\/\/www.facebook.com\/perulacrosseofficial\",\"https:\/\/www.instagram.com\/perulacrosse\",\"https:\/\/www.youtube.com\/@PeruLacrosseAssociation\"]}]}<\/script>\n<!-- \/ Yoast SEO plugin. -->","yoast_head_json":{"title":"Contact Us - Peru Lacrosse Association","robots":{"index":"index","follow":"follow","max-snippet":"max-snippet:-1","max-image-preview":"max-image-preview:large","max-video-preview":"max-video-preview:-1"},"canonical":"https:\/\/perulacrosse.org\/es\/contact-us\/","og_locale":"es_ES","og_type":"article","og_title":"Contact Us - Peru Lacrosse Association","og_description":"contact us Have questions about Peru Lacrosse?Whether you\u2019re a player interested in joining, a parent looking for opportunities, or someone who simply wants to learn more about our programs and national teams, we\u2019d love to hear from you. \u00a0 Please fill out the form below and our team will get back to you. We\u2019re happy [&hellip;]","og_url":"https:\/\/perulacrosse.org\/es\/contact-us\/","og_site_name":"Peru Lacrosse Association","article_publisher":"https:\/\/www.facebook.com\/perulacrosseofficial","article_modified_time":"2025-10-13T05:22:59+00:00","og_image":[{"url":"https:\/\/perulacrosse.org\/wp-content\/uploads\/2025\/09\/Adobe-Express-file-789x1024.webp","type":"","width":"","height":""}],"twitter_card":"summary_large_image","schema":{"@context":"https:\/\/schema.org","@graph":[{"@type":"WebPage","@id":"https:\/\/perulacrosse.org\/contact-us\/","url":"https:\/\/perulacrosse.org\/contact-us\/","name":"Contact Us - Peru Lacrosse Association","isPartOf":{"@id":"https:\/\/perulacrosse.org\/#website"},"primaryImageOfPage":{"@id":"https:\/\/perulacrosse.org\/contact-us\/#primaryimage"},"image":{"@id":"https:\/\/perulacrosse.org\/contact-us\/#primaryimage"},"thumbnailUrl":"https:\/\/perulacrosse.org\/wp-content\/uploads\/2025\/09\/Adobe-Express-file-789x1024.webp","datePublished":"2025-09-20T16:55:11+00:00","dateModified":"2025-10-13T05:22:59+00:00","breadcrumb":{"@id":"https:\/\/perulacrosse.org\/contact-us\/#breadcrumb"},"inLanguage":"es-PE","potentialAction":[{"@type":"ReadAction","target":["https:\/\/perulacrosse.org\/contact-us\/"]}]},{"@type":"ImageObject","inLanguage":"es-PE","@id":"https:\/\/perulacrosse.org\/contact-us\/#primaryimage","url":"https:\/\/perulacrosse.org\/wp-content\/uploads\/2025\/09\/Adobe-Express-file-789x1024.webp","contentUrl":"https:\/\/perulacrosse.org\/wp-content\/uploads\/2025\/09\/Adobe-Express-file-789x1024.webp"},{"@type":"BreadcrumbList","@id":"https:\/\/perulacrosse.org\/contact-us\/#breadcrumb","itemListElement":[{"@type":"ListItem","position":1,"name":"Home","item":"https:\/\/perulacrosse.org\/"},{"@type":"ListItem","position":2,"name":"Contact Us"}]},{"@type":"WebSite","@id":"https:\/\/perulacrosse.org\/#website","url":"https:\/\/perulacrosse.org\/","name":"Asociaci\u00f3n Peruana de Lacrosse","description":"","publisher":{"@id":"https:\/\/perulacrosse.org\/#organization"},"potentialAction":[{"@type":"SearchAction","target":{"@type":"EntryPoint","urlTemplate":"https:\/\/perulacrosse.org\/?s={search_term_string}"},"query-input":{"@type":"PropertyValueSpecification","valueRequired":true,"valueName":"search_term_string"}}],"inLanguage":"es-PE"},{"@type":"Organization","@id":"https:\/\/perulacrosse.org\/#organization","name":"Asociaci\u00f3n Peruana de Lacrosse","url":"https:\/\/perulacrosse.org\/","logo":{"@type":"ImageObject","inLanguage":"es-PE","@id":"https:\/\/perulacrosse.org\/#\/schema\/logo\/image\/","url":"https:\/\/perulacrosse.org\/wp-content\/uploads\/2025\/09\/PeruLAX-Logo-OFFICIAL.svg","contentUrl":"https:\/\/perulacrosse.org\/wp-content\/uploads\/2025\/09\/PeruLAX-Logo-OFFICIAL.svg","width":699,"height":699,"caption":"Peru Lacrosse Association"},"image":{"@id":"https:\/\/perulacrosse.org\/#\/schema\/logo\/image\/"},"sameAs":["https:\/\/www.facebook.com\/perulacrosseofficial","https:\/\/www.instagram.com\/perulacrosse","https:\/\/www.youtube.com\/@PeruLacrosseAssociation"]}]}},"_links":{"self":[{"href":"https:\/\/perulacrosse.org\/es\/wp-json\/wp\/v2\/pages\/105","targetHints":{"allow":["GET"]}}],"collection":[{"href":"https:\/\/perulacrosse.org\/es\/wp-json\/wp\/v2\/pages"}],"about":[{"href":"https:\/\/perulacrosse.org\/es\/wp-json\/wp\/v2\/types\/page"}],"author":[{"embeddable":true,"href":"https:\/\/perulacrosse.org\/es\/wp-json\/wp\/v2\/users\/1"}],"replies":[{"embeddable":true,"href":"https:\/\/perulacrosse.org\/es\/wp-json\/wp\/v2\/comments?post=105"}],"version-history":[{"count":0,"href":"https:\/\/perulacrosse.org\/es\/wp-json\/wp\/v2\/pages\/105\/revisions"}],"wp:attachment":[{"href":"https:\/\/perulacrosse.org\/es\/wp-json\/wp\/v2\/media?parent=105"}],"curies":[{"name":"wp","href":"https:\/\/api.w.org\/{rel}","templated":true}]}}